{"id":1291,"date":"2016-11-20T14:12:16","date_gmt":"2016-11-20T14:12:16","guid":{"rendered":"http:\/\/oxyplam.com.br\/newsite\/?page_id=1291"},"modified":"2017-02-06T00:37:12","modified_gmt":"2017-02-06T00:37:12","slug":"reguas-para-leitos","status":"publish","type":"page","link":"https:\/\/oxyplam.com.br\/newsite\/reguas-para-leitos\/","title":{"rendered":"Reguas para Leitos"},"content":{"rendered":"<p>[vc_row][vc_column][vc_column_text]Leitos:\u00a0S\u00e3o equipamentos que se localizam na cabeceira dos leitos fixados na parede por onde chegam pontos de utilidade essencial ao uso m\u00e9dico tais como tomadas el\u00e9tricas interruptores suportes de luz e soro, pontos de dados e voz que intercomunicam paciente com corpo m\u00e9dico atrav\u00e9s da chamada de enfermagem, redes de informatiza\u00e7\u00e3o al\u00e9m dos indispens\u00e1veis gases medicinais entre os principais, oxig\u00eanio, ar medicinal, \u00f3xido nitroso e v\u00e1cuo entre outros, a utiliza\u00e7\u00e3o desse equipamento concentram de forma inteligente todos as principais utilidades necess\u00e1rias para o tratamento do paciente e facilita o trabalho dos profissionais e sa\u00fade que dependem de uma engenharia l\u00f3gica para assegurar um trabalho que sustenta a vida. Temos duas linhas de r\u00e9guas de leitos que abrangem todas as necessidades do mercado como segue:[\/vc_column_text][\/vc_column][\/vc_row]<\/p>\n","protected":false},"excerpt":{"rendered":"<p>[vc_row][vc_column][vc_column_text]Leitos:\u00a0S\u00e3o equipamentos que se localizam na cabeceira dos leitos fixados na parede por onde chegam pontos de utilidade essencial ao uso m\u00e9dico tais como tomadas el\u00e9tricas interruptores suportes de luz e soro, pontos de dados e voz que intercomunicam paciente com corpo m\u00e9dico atrav\u00e9s da chamada de enfermagem, redes de informatiza\u00e7\u00e3o al\u00e9m dos indispens\u00e1veis gases [&hellip;]<\/p>\n","protected":false},"author":2,"featured_media":0,"parent":0,"menu_order":0,"comment_status":"closed","ping_status":"closed","template":"","meta":[],"_links":{"self":[{"href":"https:\/\/oxyplam.com.br\/newsite\/wp-json\/wp\/v2\/pages\/1291"}],"collection":[{"href":"https:\/\/oxyplam.com.br\/newsite\/wp-json\/wp\/v2\/pages"}],"about":[{"href":"https:\/\/oxyplam.com.br\/newsite\/wp-json\/wp\/v2\/types\/page"}],"author":[{"embeddable":true,"href":"https:\/\/oxyplam.com.br\/newsite\/wp-json\/wp\/v2\/users\/2"}],"replies":[{"embeddable":true,"href":"https:\/\/oxyplam.com.br\/newsite\/wp-json\/wp\/v2\/comments?post=1291"}],"version-history":[{"count":3,"href":"https:\/\/oxyplam.com.br\/newsite\/wp-json\/wp\/v2\/pages\/1291\/revisions"}],"predecessor-version":[{"id":1347,"href":"https:\/\/oxyplam.com.br\/newsite\/wp-json\/wp\/v2\/pages\/1291\/revisions\/1347"}],"wp:attachment":[{"href":"https:\/\/oxyplam.com.br\/newsite\/wp-json\/wp\/v2\/media?parent=1291"}],"curies":[{"name":"wp","href":"https:\/\/api.w.org\/{rel}","templated":true}]}}