{"id":1293,"date":"2016-11-20T14:12:42","date_gmt":"2016-11-20T14:12:42","guid":{"rendered":"http:\/\/oxyplam.com.br\/newsite\/?page_id=1293"},"modified":"2021-07-12T17:09:35","modified_gmt":"2021-07-12T17:09:35","slug":"reguas-de-gases-sirius","status":"publish","type":"page","link":"https:\/\/oxyplam.com.br\/newsite\/reguas-de-gases-sirius\/","title":{"rendered":"R\u00e9guas de Gases Sirius"},"content":{"rendered":"<p>[vc_row][vc_column][vc_column_text]<img loading=\"lazy\" class=\"alignleft wp-image-1568 size-full\" src=\"https:\/\/oxyplam.com.br\/newsite\/wp-content\/uploads\/2021\/07\/Foto-Regua-Sirius.png\" alt=\"\" width=\"620\" height=\"370\" srcset=\"https:\/\/oxyplam.com.br\/newsite\/wp-content\/uploads\/2021\/07\/Foto-Regua-Sirius.png 620w, https:\/\/oxyplam.com.br\/newsite\/wp-content\/uploads\/2021\/07\/Foto-Regua-Sirius-300x179.png 300w\" sizes=\"(max-width: 620px) 100vw, 620px\" \/><\/p>\n<p>Para quem procura simplicidade e custo benef\u00edcio, com a linha QUALITY voc\u00ea ser\u00e1 prontamente atendido com um equipamento que na sua concep\u00e7\u00e3o contempla as suas linhas retas distribu\u00eddas de forma a n\u00e3o deixar acumular nenhum tipo de res\u00edduo do ambiente, que \u00e9 uma preocupa\u00e7\u00e3o constante dos profissionais de sa\u00fade facilitando o trabalho de limpeza e assepsia.<\/p>\n<p>Com vers\u00e3o embutida parcialmente, ou seja, toda a fia\u00e7\u00e3o e tubula\u00e7\u00e3o dos gases fica dentro da parede e a parte de uso imediato onde se localiza os pontos de utilidade fica saltada acoplada a caixa embutida. A outra vers\u00e3o totalmente sobreposta onde n\u00e3o \u00e9 poss\u00edvel embutir parcialmente a caixa, por\u00e9m respeitando os conceito principais do produto.<\/p>\n<p>Nas duas vers\u00f5es temos disponibilidade de diversos n\u00fameros de pontos que atendam a cada setor do hospital, conforme recomenda a resolu\u00e7\u00e3o da ANVISA RDC 50, sendo r\u00e9guas com 07 pontos, 10 pontos, 13 pontos e 24 pontos. Al\u00e9m de um diferencial de manuten\u00e7\u00e3o onde a parte frontal se abre com um simples bascular a frente o que possibilita a inspe\u00e7\u00e3o de manuten\u00e7\u00e3o muito pr\u00e1tica e de maneira segura.[\/vc_column_text][\/vc_column][\/vc_row][vc_row][vc_column][\/vc_column][\/vc_row]<\/p>\n","protected":false},"excerpt":{"rendered":"<p>[vc_row][vc_column][vc_column_text] Para quem procura simplicidade e custo benef\u00edcio, com a linha QUALITY voc\u00ea ser\u00e1 prontamente atendido com um equipamento que na sua concep\u00e7\u00e3o contempla as suas linhas retas distribu\u00eddas de forma a n\u00e3o deixar acumular nenhum tipo de res\u00edduo do ambiente, que \u00e9 uma preocupa\u00e7\u00e3o constante dos profissionais de sa\u00fade facilitando o trabalho de limpeza [&hellip;]<\/p>\n","protected":false},"author":2,"featured_media":1381,"parent":0,"menu_order":0,"comment_status":"closed","ping_status":"closed","template":"","meta":[],"_links":{"self":[{"href":"https:\/\/oxyplam.com.br\/newsite\/wp-json\/wp\/v2\/pages\/1293"}],"collection":[{"href":"https:\/\/oxyplam.com.br\/newsite\/wp-json\/wp\/v2\/pages"}],"about":[{"href":"https:\/\/oxyplam.com.br\/newsite\/wp-json\/wp\/v2\/types\/page"}],"author":[{"embeddable":true,"href":"https:\/\/oxyplam.com.br\/newsite\/wp-json\/wp\/v2\/users\/2"}],"replies":[{"embeddable":true,"href":"https:\/\/oxyplam.com.br\/newsite\/wp-json\/wp\/v2\/comments?post=1293"}],"version-history":[{"count":13,"href":"https:\/\/oxyplam.com.br\/newsite\/wp-json\/wp\/v2\/pages\/1293\/revisions"}],"predecessor-version":[{"id":1569,"href":"https:\/\/oxyplam.com.br\/newsite\/wp-json\/wp\/v2\/pages\/1293\/revisions\/1569"}],"wp:featuredmedia":[{"embeddable":true,"href":"https:\/\/oxyplam.com.br\/newsite\/wp-json\/wp\/v2\/media\/1381"}],"wp:attachment":[{"href":"https:\/\/oxyplam.com.br\/newsite\/wp-json\/wp\/v2\/media?parent=1293"}],"curies":[{"name":"wp","href":"https:\/\/api.w.org\/{rel}","templated":true}]}}