{"id":1310,"date":"2016-11-20T14:17:37","date_gmt":"2016-11-20T14:17:37","guid":{"rendered":"http:\/\/oxyplam.com.br\/newsite\/?page_id=1310"},"modified":"2021-07-12T17:14:19","modified_gmt":"2021-07-12T17:14:19","slug":"instalacao-de-rede-para-gases-medicinais","status":"publish","type":"page","link":"https:\/\/oxyplam.com.br\/newsite\/instalacao-de-rede-para-gases-medicinais\/","title":{"rendered":"Instala\u00e7\u00e3o de Rede para Gases Medicinais"},"content":{"rendered":"<p>[vc_row][vc_column][vc_column_text]<img loading=\"lazy\" class=\"wp-image-1457 alignleft\" src=\"https:\/\/oxyplam.com.br\/newsite\/wp-content\/uploads\/2016\/11\/redegasesmedicinais-1024x576.jpg\" alt=\"redegasesmedicinais\" width=\"655\" height=\"368\" srcset=\"https:\/\/oxyplam.com.br\/newsite\/wp-content\/uploads\/2016\/11\/redegasesmedicinais-1024x576.jpg 1024w, https:\/\/oxyplam.com.br\/newsite\/wp-content\/uploads\/2016\/11\/redegasesmedicinais-300x169.jpg 300w, https:\/\/oxyplam.com.br\/newsite\/wp-content\/uploads\/2016\/11\/redegasesmedicinais-768x432.jpg 768w\" sizes=\"(max-width: 655px) 100vw, 655px\" \/><\/p>\n<p>Concebidos a partir de um projeto executivo, atendendo a todas as normas vigentes do pa\u00eds de acordo com as resolu\u00e7\u00f5es ANVISA, de uso correto de sistemas de distribui\u00e7\u00e3o de gases medicinais desde a gera\u00e7\u00e3o at\u00e9 o ponto de consumo. Passando obrigatoriamente por setoriza\u00e7\u00f5es estrat\u00e9gicas e sistemas de monitoramento atrav\u00e9s de tubula\u00e7\u00f5es rigorosamente dimensionadas a fim de assegurar o bom atendimento a todos os procedimentos m\u00e9dicos de maneira economicamente vi\u00e1vel e segura.[\/vc_column_text][\/vc_column][\/vc_row]<\/p>\n","protected":false},"excerpt":{"rendered":"<p>[vc_row][vc_column][vc_column_text] Concebidos a partir de um projeto executivo, atendendo a todas as normas vigentes do pa\u00eds de acordo com as resolu\u00e7\u00f5es ANVISA, de uso correto de sistemas de distribui\u00e7\u00e3o de gases medicinais desde a gera\u00e7\u00e3o at\u00e9 o ponto de consumo. Passando obrigatoriamente por setoriza\u00e7\u00f5es estrat\u00e9gicas e sistemas de monitoramento atrav\u00e9s de tubula\u00e7\u00f5es rigorosamente dimensionadas a [&hellip;]<\/p>\n","protected":false},"author":2,"featured_media":0,"parent":0,"menu_order":0,"comment_status":"closed","ping_status":"closed","template":"","meta":[],"_links":{"self":[{"href":"https:\/\/oxyplam.com.br\/newsite\/wp-json\/wp\/v2\/pages\/1310"}],"collection":[{"href":"https:\/\/oxyplam.com.br\/newsite\/wp-json\/wp\/v2\/pages"}],"about":[{"href":"https:\/\/oxyplam.com.br\/newsite\/wp-json\/wp\/v2\/types\/page"}],"author":[{"embeddable":true,"href":"https:\/\/oxyplam.com.br\/newsite\/wp-json\/wp\/v2\/users\/2"}],"replies":[{"embeddable":true,"href":"https:\/\/oxyplam.com.br\/newsite\/wp-json\/wp\/v2\/comments?post=1310"}],"version-history":[{"count":11,"href":"https:\/\/oxyplam.com.br\/newsite\/wp-json\/wp\/v2\/pages\/1310\/revisions"}],"predecessor-version":[{"id":1572,"href":"https:\/\/oxyplam.com.br\/newsite\/wp-json\/wp\/v2\/pages\/1310\/revisions\/1572"}],"wp:attachment":[{"href":"https:\/\/oxyplam.com.br\/newsite\/wp-json\/wp\/v2\/media?parent=1310"}],"curies":[{"name":"wp","href":"https:\/\/api.w.org\/{rel}","templated":true}]}}