{"id":1313,"date":"2016-11-20T14:18:16","date_gmt":"2016-11-20T14:18:16","guid":{"rendered":"http:\/\/oxyplam.com.br\/newsite\/?page_id=1313"},"modified":"2017-02-06T00:54:24","modified_gmt":"2017-02-06T00:54:24","slug":"asessoria-e-assistencia-tecnica","status":"publish","type":"page","link":"https:\/\/oxyplam.com.br\/newsite\/asessoria-e-assistencia-tecnica\/","title":{"rendered":"Assessoria e Assist\u00eancia T\u00e9cnica"},"content":{"rendered":"<p>[vc_row][vc_column][vc_column_text]<img loading=\"lazy\" class=\"wp-image-1485 alignleft\" src=\"https:\/\/oxyplam.com.br\/newsite\/wp-content\/uploads\/2016\/11\/ssessoria.jpg\" alt=\"ssessoria\" width=\"582\" height=\"386\" srcset=\"https:\/\/oxyplam.com.br\/newsite\/wp-content\/uploads\/2016\/11\/ssessoria.jpg 960w, https:\/\/oxyplam.com.br\/newsite\/wp-content\/uploads\/2016\/11\/ssessoria-300x199.jpg 300w, https:\/\/oxyplam.com.br\/newsite\/wp-content\/uploads\/2016\/11\/ssessoria-768x510.jpg 768w\" sizes=\"(max-width: 582px) 100vw, 582px\" \/>Num mundo moderno e globalizado \u00e9 comum se falar em economia, na nossa \u00e1rea temos tamb\u00e9m esse conceito como principal. Com isso disponibilizamos uma presta\u00e7\u00e3o de servi\u00e7o de assessoria e assist\u00eancia t\u00e9cnica hospitalar focada na economia de insumos essenciais tais como oxig\u00eanio com processos e auditorias em redes analisando, monitorando, diagnosticando e apresentando solu\u00e7\u00f5es que eliminem vazamentos e implantando procedimentos junto ao corpo clinico da institui\u00e7\u00e3o atrav\u00e9s de treinamento e controle com um trabalho de acompanhamento constante.[\/vc_column_text][\/vc_column][\/vc_row]<\/p>\n","protected":false},"excerpt":{"rendered":"<p>[vc_row][vc_column][vc_column_text]Num mundo moderno e globalizado \u00e9 comum se falar em economia, na nossa \u00e1rea temos tamb\u00e9m esse conceito como principal. Com isso disponibilizamos uma presta\u00e7\u00e3o de servi\u00e7o de assessoria e assist\u00eancia t\u00e9cnica hospitalar focada na economia de insumos essenciais tais como oxig\u00eanio com processos e auditorias em redes analisando, monitorando, diagnosticando e apresentando solu\u00e7\u00f5es que [&hellip;]<\/p>\n","protected":false},"author":2,"featured_media":0,"parent":0,"menu_order":0,"comment_status":"closed","ping_status":"closed","template":"","meta":[],"_links":{"self":[{"href":"https:\/\/oxyplam.com.br\/newsite\/wp-json\/wp\/v2\/pages\/1313"}],"collection":[{"href":"https:\/\/oxyplam.com.br\/newsite\/wp-json\/wp\/v2\/pages"}],"about":[{"href":"https:\/\/oxyplam.com.br\/newsite\/wp-json\/wp\/v2\/types\/page"}],"author":[{"embeddable":true,"href":"https:\/\/oxyplam.com.br\/newsite\/wp-json\/wp\/v2\/users\/2"}],"replies":[{"embeddable":true,"href":"https:\/\/oxyplam.com.br\/newsite\/wp-json\/wp\/v2\/comments?post=1313"}],"version-history":[{"count":7,"href":"https:\/\/oxyplam.com.br\/newsite\/wp-json\/wp\/v2\/pages\/1313\/revisions"}],"predecessor-version":[{"id":1486,"href":"https:\/\/oxyplam.com.br\/newsite\/wp-json\/wp\/v2\/pages\/1313\/revisions\/1486"}],"wp:attachment":[{"href":"https:\/\/oxyplam.com.br\/newsite\/wp-json\/wp\/v2\/media?parent=1313"}],"curies":[{"name":"wp","href":"https:\/\/api.w.org\/{rel}","templated":true}]}}