{"id":1315,"date":"2016-11-20T14:18:36","date_gmt":"2016-11-20T14:18:36","guid":{"rendered":"http:\/\/oxyplam.com.br\/newsite\/?page_id=1315"},"modified":"2021-07-12T17:14:16","modified_gmt":"2021-07-12T17:14:16","slug":"instalacao-de-rede-para-gases-combustiveis","status":"publish","type":"page","link":"https:\/\/oxyplam.com.br\/newsite\/instalacao-de-rede-para-gases-combustiveis\/","title":{"rendered":"Instala\u00e7\u00e3o de Rede para Gases Combust\u00edveis"},"content":{"rendered":"<p>[vc_row][vc_column][vc_column_text]<\/p>\n<div class=\"entry-content clearfix\">\n<p><img loading=\"lazy\" class=\"wp-image-1456 alignleft\" src=\"https:\/\/oxyplam.com.br\/newsite\/wp-content\/uploads\/2016\/11\/redegasescombustivel-300x225.jpg\" alt=\"redegasescombustivel\" width=\"472\" height=\"354\" srcset=\"https:\/\/oxyplam.com.br\/newsite\/wp-content\/uploads\/2016\/11\/redegasescombustivel-300x225.jpg 300w, https:\/\/oxyplam.com.br\/newsite\/wp-content\/uploads\/2016\/11\/redegasescombustivel-768x576.jpg 768w, https:\/\/oxyplam.com.br\/newsite\/wp-content\/uploads\/2016\/11\/redegasescombustivel-1024x768.jpg 1024w, https:\/\/oxyplam.com.br\/newsite\/wp-content\/uploads\/2016\/11\/redegasescombustivel.jpg 1600w\" sizes=\"(max-width: 472px) 100vw, 472px\" \/>Seguindo os mesmo conceito de instala\u00e7\u00f5es de redes medicinais, esse outro tipo de g\u00e1s necessita de aten\u00e7\u00e3o especial e profissionais de alto desempenho e responsabilidade por se tratar de um produto de alto risco. Atendemos as \u00e1reas laboratoriais, hospitalares e educacionais e tamb\u00e9m as \u00e1reas de nutri\u00e7\u00e3o como caldeiras geradoras de vapor e acumuladores de \u00e1gua quente.<\/p>\n<\/div>\n<p>[\/vc_column_text][\/vc_column][\/vc_row]<\/p>\n","protected":false},"excerpt":{"rendered":"<p>[vc_row][vc_column][vc_column_text] Seguindo os mesmo conceito de instala\u00e7\u00f5es de redes medicinais, esse outro tipo de g\u00e1s necessita de aten\u00e7\u00e3o especial e profissionais de alto desempenho e responsabilidade por se tratar de um produto de alto risco. Atendemos as \u00e1reas laboratoriais, hospitalares e educacionais e tamb\u00e9m as \u00e1reas de nutri\u00e7\u00e3o como caldeiras geradoras de vapor e acumuladores [&hellip;]<\/p>\n","protected":false},"author":2,"featured_media":0,"parent":0,"menu_order":0,"comment_status":"closed","ping_status":"closed","template":"","meta":[],"_links":{"self":[{"href":"https:\/\/oxyplam.com.br\/newsite\/wp-json\/wp\/v2\/pages\/1315"}],"collection":[{"href":"https:\/\/oxyplam.com.br\/newsite\/wp-json\/wp\/v2\/pages"}],"about":[{"href":"https:\/\/oxyplam.com.br\/newsite\/wp-json\/wp\/v2\/types\/page"}],"author":[{"embeddable":true,"href":"https:\/\/oxyplam.com.br\/newsite\/wp-json\/wp\/v2\/users\/2"}],"replies":[{"embeddable":true,"href":"https:\/\/oxyplam.com.br\/newsite\/wp-json\/wp\/v2\/comments?post=1315"}],"version-history":[{"count":7,"href":"https:\/\/oxyplam.com.br\/newsite\/wp-json\/wp\/v2\/pages\/1315\/revisions"}],"predecessor-version":[{"id":1574,"href":"https:\/\/oxyplam.com.br\/newsite\/wp-json\/wp\/v2\/pages\/1315\/revisions\/1574"}],"wp:attachment":[{"href":"https:\/\/oxyplam.com.br\/newsite\/wp-json\/wp\/v2\/media?parent=1315"}],"curies":[{"name":"wp","href":"https:\/\/api.w.org\/{rel}","templated":true}]}}