{"id":1364,"date":"2017-01-26T00:05:30","date_gmt":"2017-01-26T00:05:30","guid":{"rendered":"http:\/\/oxyplam.com.br\/newsite\/?page_id=1364"},"modified":"2017-02-06T00:53:19","modified_gmt":"2017-02-06T00:53:19","slug":"projetos-e-laudos-tecnicos","status":"publish","type":"page","link":"https:\/\/oxyplam.com.br\/newsite\/projetos-e-laudos-tecnicos\/","title":{"rendered":"Projetos e Laudos T\u00e9cnicos"},"content":{"rendered":"<p>[vc_row css=&#8221;.vc_custom_1486332266062{padding-right: 0px !important;padding-left: 0px !important;}&#8221;][vc_column][vc_column_text]<img loading=\"lazy\" class=\"alignleft wp-image-1481 \" src=\"https:\/\/oxyplam.com.br\/newsite\/wp-content\/uploads\/2017\/01\/sunset-jet-1024x687.jpg\" alt=\"sunset-jet\" width=\"532\" height=\"357\" srcset=\"https:\/\/oxyplam.com.br\/newsite\/wp-content\/uploads\/2017\/01\/sunset-jet-1024x687.jpg 1024w, https:\/\/oxyplam.com.br\/newsite\/wp-content\/uploads\/2017\/01\/sunset-jet-300x201.jpg 300w, https:\/\/oxyplam.com.br\/newsite\/wp-content\/uploads\/2017\/01\/sunset-jet-768x515.jpg 768w, https:\/\/oxyplam.com.br\/newsite\/wp-content\/uploads\/2017\/01\/sunset-jet.jpg 2000w\" sizes=\"(max-width: 532px) 100vw, 532px\" \/>Presta\u00e7\u00e3o de servi\u00e7os de gerenciamento do empreendimento que v\u00e3o desde a coordena\u00e7\u00e3o de projetos, gest\u00e3o de contrata\u00e7\u00f5es e aquisi\u00e7\u00f5es, planejamento, controle financeiro e or\u00e7ament\u00e1rio dos projetos, fiscaliza\u00e7\u00e3o t\u00e9cnica de campo, suprimentos. Em resumo: todas as atividades necess\u00e1rias ao gerenciamento da implanta\u00e7\u00e3o de empreendimentos para redes de gases.[\/vc_column_text][\/vc_column][\/vc_row]<\/p>\n","protected":false},"excerpt":{"rendered":"<p>[vc_row css=&#8221;.vc_custom_1486332266062{padding-right: 0px !important;padding-left: 0px !important;}&#8221;][vc_column][vc_column_text]Presta\u00e7\u00e3o de servi\u00e7os de gerenciamento do empreendimento que v\u00e3o desde a coordena\u00e7\u00e3o de projetos, gest\u00e3o de contrata\u00e7\u00f5es e aquisi\u00e7\u00f5es, planejamento, controle financeiro e or\u00e7ament\u00e1rio dos projetos, fiscaliza\u00e7\u00e3o t\u00e9cnica de campo, suprimentos. Em resumo: todas as atividades necess\u00e1rias ao gerenciamento da implanta\u00e7\u00e3o de empreendimentos para redes de gases.[\/vc_column_text][\/vc_column][\/vc_row]<\/p>\n","protected":false},"author":2,"featured_media":0,"parent":0,"menu_order":0,"comment_status":"closed","ping_status":"closed","template":"","meta":[],"_links":{"self":[{"href":"https:\/\/oxyplam.com.br\/newsite\/wp-json\/wp\/v2\/pages\/1364"}],"collection":[{"href":"https:\/\/oxyplam.com.br\/newsite\/wp-json\/wp\/v2\/pages"}],"about":[{"href":"https:\/\/oxyplam.com.br\/newsite\/wp-json\/wp\/v2\/types\/page"}],"author":[{"embeddable":true,"href":"https:\/\/oxyplam.com.br\/newsite\/wp-json\/wp\/v2\/users\/2"}],"replies":[{"embeddable":true,"href":"https:\/\/oxyplam.com.br\/newsite\/wp-json\/wp\/v2\/comments?post=1364"}],"version-history":[{"count":5,"href":"https:\/\/oxyplam.com.br\/newsite\/wp-json\/wp\/v2\/pages\/1364\/revisions"}],"predecessor-version":[{"id":1484,"href":"https:\/\/oxyplam.com.br\/newsite\/wp-json\/wp\/v2\/pages\/1364\/revisions\/1484"}],"wp:attachment":[{"href":"https:\/\/oxyplam.com.br\/newsite\/wp-json\/wp\/v2\/media?parent=1364"}],"curies":[{"name":"wp","href":"https:\/\/api.w.org\/{rel}","templated":true}]}}