{"id":20,"date":"2016-05-19T06:50:06","date_gmt":"2016-05-19T06:50:06","guid":{"rendered":"http:\/\/themes.g5plus.net\/pithree\/?page_id=20"},"modified":"2021-07-12T17:42:41","modified_gmt":"2021-07-12T17:42:41","slug":"home-1","status":"publish","type":"page","link":"https:\/\/oxyplam.com.br\/newsite\/","title":{"rendered":"Home 1"},"content":{"rendered":"<p>[vc_row][vc_column][rev_slider_vc alias=&#8221;pithree-slider&#8221;][vc_empty_space][\/vc_column][\/vc_row][vc_row layout=&#8221;container&#8221; parallax=&#8221;content-moving&#8221;][vc_column width=&#8221;1\/3&#8243;][g5plus_feature_box title=&#8221;R\u00e9gua de Gases Medicinais&#8221; add_icon=&#8221;yes&#8221; icon_font=&#8221;flaticon-gear6&#8243; description=&#8221;Contamos com uma linha completa de R\u00e9guas para atender a cada setor do Hospital cada um com sua configura\u00e7\u00e3o especifica.&#8221; link=&#8221;url:http%3A%2F%2Foxyplam.com.br%2Fnewsite%2Freguas-para-leitos%2F|||&#8221; feature_image=&#8221;1582&#8243;][\/vc_column][vc_column width=&#8221;1\/3&#8243;][g5plus_feature_box title=&#8221;Redes para Gases Medicinais&#8221; add_icon=&#8221;yes&#8221; icon_font=&#8221;flaticon-gear6&#8243; description=&#8221;Nossas instala\u00e7\u00f5es para Gases Medicinais e V\u00e1cuo seguem as normas mais atualizadas para garantir seguran\u00e7a e qualidade aos nossos clientes.&#8221; link=&#8221;url:http%3A%2F%2Fwww.oxyplam.com.br|||&#8221; feature_image=&#8221;1402&#8243;][\/vc_column][vc_column width=&#8221;1\/3&#8243;][g5plus_feature_box title=&#8221;Centrais de Gases Medicinais&#8221; add_icon=&#8221;yes&#8221; icon_font=&#8221;flaticon-gear6&#8243; description=&#8221;Fabricamos equipamentos que garantam o fornecimento de Gases e V\u00e1cuo para desde Unidades de Sa\u00fade de pequeno porte at\u00e9 Grandes complexos Hospitalares.&#8221; link=&#8221;url:http%3A%2F%2Fwww.oxyplam.com.br|||&#8221; feature_image=&#8221;1401&#8243;][\/vc_column][\/vc_row][vc_row][vc_column][\/vc_column][\/vc_row][vc_row][vc_column][\/vc_column][\/vc_row][vc_row][vc_column][vc_empty_space height=&#8221;42px&#8221;][\/vc_column][\/vc_row]<\/p>\n","protected":false},"excerpt":{"rendered":"<p>[vc_row][vc_column][rev_slider_vc alias=&#8221;pithree-slider&#8221;][vc_empty_space][\/vc_column][\/vc_row][vc_row layout=&#8221;container&#8221; parallax=&#8221;content-moving&#8221;][vc_column width=&#8221;1\/3&#8243;][g5plus_feature_box title=&#8221;R\u00e9gua de Gases Medicinais&#8221; add_icon=&#8221;yes&#8221; icon_font=&#8221;flaticon-gear6&#8243; description=&#8221;Contamos com uma linha completa de R\u00e9guas para atender a cada setor do Hospital cada um com sua configura\u00e7\u00e3o especifica.&#8221; link=&#8221;url:http%3A%2F%2Foxyplam.com.br%2Fnewsite%2Freguas-para-leitos%2F|||&#8221; feature_image=&#8221;1582&#8243;][\/vc_column][vc_column width=&#8221;1\/3&#8243;][g5plus_feature_box title=&#8221;Redes para Gases Medicinais&#8221; add_icon=&#8221;yes&#8221; icon_font=&#8221;flaticon-gear6&#8243; description=&#8221;Nossas instala\u00e7\u00f5es para Gases Medicinais e V\u00e1cuo seguem as normas mais atualizadas para garantir seguran\u00e7a [&hellip;]<\/p>\n","protected":false},"author":2,"featured_media":0,"parent":0,"menu_order":0,"comment_status":"closed","ping_status":"closed","template":"","meta":[],"_links":{"self":[{"href":"https:\/\/oxyplam.com.br\/newsite\/wp-json\/wp\/v2\/pages\/20"}],"collection":[{"href":"https:\/\/oxyplam.com.br\/newsite\/wp-json\/wp\/v2\/pages"}],"about":[{"href":"https:\/\/oxyplam.com.br\/newsite\/wp-json\/wp\/v2\/types\/page"}],"author":[{"embeddable":true,"href":"https:\/\/oxyplam.com.br\/newsite\/wp-json\/wp\/v2\/users\/2"}],"replies":[{"embeddable":true,"href":"https:\/\/oxyplam.com.br\/newsite\/wp-json\/wp\/v2\/comments?post=20"}],"version-history":[{"count":42,"href":"https:\/\/oxyplam.com.br\/newsite\/wp-json\/wp\/v2\/pages\/20\/revisions"}],"predecessor-version":[{"id":1584,"href":"https:\/\/oxyplam.com.br\/newsite\/wp-json\/wp\/v2\/pages\/20\/revisions\/1584"}],"wp:attachment":[{"href":"https:\/\/oxyplam.com.br\/newsite\/wp-json\/wp\/v2\/media?parent=20"}],"curies":[{"name":"wp","href":"https:\/\/api.w.org\/{rel}","templated":true}]}}