{"id":23,"date":"2016-05-19T06:57:34","date_gmt":"2016-05-19T06:57:34","guid":{"rendered":"http:\/\/themes.g5plus.net\/pithree\/?page_id=23"},"modified":"2017-02-05T19:48:48","modified_gmt":"2017-02-05T19:48:48","slug":"empresa","status":"publish","type":"page","link":"https:\/\/oxyplam.com.br\/newsite\/empresa\/","title":{"rendered":"Empresa"},"content":{"rendered":"<p>[vc_row layout=&#8221;container&#8221; equal_height=&#8221;yes&#8221; el_class=&#8221;mg-bottom-90 sm-mg-bottom-60&#8243;][vc_column width=&#8221;1\/2&#8243; el_class=&#8221;col-lg-6 col-md-12&#8243;][g5plus_heading title=&#8221;Excel\u00eancia na presta\u00e7\u00e3o de servi\u00e7o&#8221; align=&#8221;text-left&#8221;][vc_column_text el_class=&#8221; mg-bottom-30 sm-mg-bottom-30&#8243;]Somos uma empresa prestadora de servi\u00e7os na \u00e1rea de projetos e execu\u00e7\u00e3o de instala\u00e7\u00f5es para Gases Medicinais com \u00eanfase no desenvolvimento de novas tecnologias que proporcionem economia de oxig\u00eanio em todos os processos, al\u00e9m de contar com uma completa linha de produtos de fabrica\u00e7\u00e3o pr\u00f3pria para levar os Gases Medicinais desde a gera\u00e7\u00e3o at\u00e9 o leito do paciente, atuamos firmemente em assess\u00f3ria e assist\u00eancia t\u00e9cnica na \u00e1rea de engenharia cl\u00ednica.[\/vc_column_text][\/vc_column][vc_column width=&#8221;1\/2&#8243; el_class=&#8221;col-lg-6 col-md-12&#8243;][vc_single_image image=&#8221;1200&#8243; img_size=&#8221;full&#8221; alignment=&#8221;center&#8221;][\/vc_column][\/vc_row]<\/p>\n","protected":false},"excerpt":{"rendered":"<p>[vc_row layout=&#8221;container&#8221; equal_height=&#8221;yes&#8221; el_class=&#8221;mg-bottom-90 sm-mg-bottom-60&#8243;][vc_column width=&#8221;1\/2&#8243; el_class=&#8221;col-lg-6 col-md-12&#8243;][g5plus_heading title=&#8221;Excel\u00eancia na presta\u00e7\u00e3o de servi\u00e7o&#8221; align=&#8221;text-left&#8221;][vc_column_text el_class=&#8221; mg-bottom-30 sm-mg-bottom-30&#8243;]Somos uma empresa prestadora de servi\u00e7os na \u00e1rea de projetos e execu\u00e7\u00e3o de instala\u00e7\u00f5es para Gases Medicinais com \u00eanfase no desenvolvimento de novas tecnologias que proporcionem economia de oxig\u00eanio em todos os processos, al\u00e9m de contar com uma completa [&hellip;]<\/p>\n","protected":false},"author":2,"featured_media":0,"parent":0,"menu_order":0,"comment_status":"closed","ping_status":"closed","template":"","meta":[],"_links":{"self":[{"href":"https:\/\/oxyplam.com.br\/newsite\/wp-json\/wp\/v2\/pages\/23"}],"collection":[{"href":"https:\/\/oxyplam.com.br\/newsite\/wp-json\/wp\/v2\/pages"}],"about":[{"href":"https:\/\/oxyplam.com.br\/newsite\/wp-json\/wp\/v2\/types\/page"}],"author":[{"embeddable":true,"href":"https:\/\/oxyplam.com.br\/newsite\/wp-json\/wp\/v2\/users\/2"}],"replies":[{"embeddable":true,"href":"https:\/\/oxyplam.com.br\/newsite\/wp-json\/wp\/v2\/comments?post=23"}],"version-history":[{"count":7,"href":"https:\/\/oxyplam.com.br\/newsite\/wp-json\/wp\/v2\/pages\/23\/revisions"}],"predecessor-version":[{"id":1459,"href":"https:\/\/oxyplam.com.br\/newsite\/wp-json\/wp\/v2\/pages\/23\/revisions\/1459"}],"wp:attachment":[{"href":"https:\/\/oxyplam.com.br\/newsite\/wp-json\/wp\/v2\/media?parent=23"}],"curies":[{"name":"wp","href":"https:\/\/api.w.org\/{rel}","templated":true}]}}